{"id":62803,"date":"2023-05-22T14:35:48","date_gmt":"2023-05-22T11:35:48","guid":{"rendered":"https:\/\/backcare.com.sa\/?post_type=product&#038;p=62803"},"modified":"2026-04-07T11:06:15","modified_gmt":"2026-04-07T08:06:15","slug":"flower","status":"publish","type":"product","link":"https:\/\/backcare.com.sa\/en\/product\/flower\/","title":{"rendered":"Flower Mattress (10 years warranty)"},"content":{"rendered":"<p>Mattress Features<\/p>\n<ul>\n<li>Flower mattress from the Back Care mattress collection<\/li>\n<li>The outer fabric is woven with special fibers to be cooler and retain body heat while you sleep.<\/li>\n<li>The outer fabric is woven from the finest threads.<\/li>\n<li>The mattress layers are carefully selected to fit the body weight and provide equal support to all areas, especially the spine.<\/li>\n<li>The mattress is equipped with pocket spring technology, which is a movement-isolating layer (weight separation feature) that provides you with support and comfort for all parts of the body.<\/li>\n<li>Medium pressure mattress suitable for medium weights (between 75 and 120 kg)<\/li>\n<li>Air channels ventilate the mattress naturally by the ventilation holes, thus balancing body temperature.<\/li>\n<\/ul>\n<p style=\"direction: rtl\">Mattress warranty period<\/p>\n<p style=\"direction: rtl\">10 Years<\/p>\n<p>\u00a0 Mattress Sizes<\/p>\n<p>\u0627\u0644\u0627\u0631\u062a\u0641\u0627\u0639 34\u0633\u0645<\/p>\n<p>\u0627\u0644\u0645\u0642\u0627\u0633\u0627\u062a \u0627\u0644\u062c\u0627\u0647\u0632\u0629 \u0628\u0627\u0644\u0633\u0646\u062a\u064a\u0645\u064a\u062a\u0631 200<\/p>\n<p>\u00d7200 200\u00d7180 200\u00d7140 200\u00d7120<\/p>\n<p>\u064a\u0645\u0643\u0646\u0643 \u0637\u0644\u0628 \u0645\u0642\u0627\u0633 \u062a\u0641\u0635\u064a\u0644 \u062d\u0633\u0628 \u0627\u0644\u0631\u063a\u0628\u0629 \u0628\u0627\u0644\u0636\u063a\u0637 \u0639\u0644\u0649 \u062a\u0628\u0648\u064a\u0628 \u0645\u0642\u0627\u0633 \u0623\u062e\u0631\u00a0 \u0645\u0646 \u062a\u0628\u0648\u064a\u0628 \u0627\u0644\u0645\u0631\u0627\u062a\u0628<\/p>\n<p>Care Instructions<\/p>\n<ul>\n<li>Single-sided mattress<\/li>\n<li>It is recommended to use a mattress insulator to protect it from stains and wetness.<\/li>\n<li>Do not bend the mattress to avoid breaking the internal parts.<\/li>\n<\/ul>\n<p>High quality Saudi made<\/p>\n<div id=\"WRWHOISInstalled\">\u00a0<\/div>\n<div id=\"WRWHOISInstalled\">\u00a0<\/div>\n<div id=\"WRWHOISInstalled\">\u00a0<\/div>\n<div id=\"WRWHOISInstalled\">\u00a0<\/div>","protected":false},"excerpt":{"rendered":"<p><span style=\"color: #ff0000;\">Prices include VAT.<\/span><\/p>","protected":false},"featured_media":134242,"comment_status":"open","ping_status":"closed","template":"","meta":{"_monsterinsights_skip_tracking":false,"_monsterinsights_sitenote_active":false,"_monsterinsights_sitenote_note":"","_monsterinsights_sitenote_category":0},"etheme_brands":[],"product_brand":[],"product_cat":[69,86],"product_tag":[90],"class_list":{"0":"post-62803","1":"product","2":"type-product","3":"status-publish","4":"has-post-thumbnail","6":"product_cat-bc-mattresses","7":"product_cat-n-mattresses","8":"product_tag-90","10":"first","11":"instock","12":"taxable","13":"shipping-taxable","14":"purchasable","15":"product-type-variable"},"aioseo_notices":[],"_links":{"self":[{"href":"https:\/\/backcare.com.sa\/en\/wp-json\/wp\/v2\/product\/62803","targetHints":{"allow":["GET"]}}],"collection":[{"href":"https:\/\/backcare.com.sa\/en\/wp-json\/wp\/v2\/product"}],"about":[{"href":"https:\/\/backcare.com.sa\/en\/wp-json\/wp\/v2\/types\/product"}],"replies":[{"embeddable":true,"href":"https:\/\/backcare.com.sa\/en\/wp-json\/wp\/v2\/comments?post=62803"}],"version-history":[{"count":0,"href":"https:\/\/backcare.com.sa\/en\/wp-json\/wp\/v2\/product\/62803\/revisions"}],"wp:featuredmedia":[{"embeddable":true,"href":"https:\/\/backcare.com.sa\/en\/wp-json\/wp\/v2\/media\/134242"}],"wp:attachment":[{"href":"https:\/\/backcare.com.sa\/en\/wp-json\/wp\/v2\/media?parent=62803"}],"wp:term":[{"taxonomy":"brand","embeddable":true,"href":"https:\/\/backcare.com.sa\/en\/wp-json\/wp\/v2\/etheme_brands?post=62803"},{"taxonomy":"product_brand","embeddable":true,"href":"https:\/\/backcare.com.sa\/en\/wp-json\/wp\/v2\/product_brand?post=62803"},{"taxonomy":"product_cat","embeddable":true,"href":"https:\/\/backcare.com.sa\/en\/wp-json\/wp\/v2\/product_cat?post=62803"},{"taxonomy":"product_tag","embeddable":true,"href":"https:\/\/backcare.com.sa\/en\/wp-json\/wp\/v2\/product_tag?post=62803"}],"curies":[{"name":"wp","href":"https:\/\/api.w.org\/{rel}","templated":true}]}}