{"id":62801,"date":"2023-05-22T14:35:48","date_gmt":"2023-05-22T11:35:48","guid":{"rendered":"https:\/\/backcare.com.sa\/?post_type=product&#038;p=62801"},"modified":"2026-03-30T13:41:39","modified_gmt":"2026-03-30T10:41:39","slug":"eligance","status":"publish","type":"product","link":"https:\/\/backcare.com.sa\/en\/product\/eligance\/","title":{"rendered":"Elegance Mattress (10 years warranty)"},"content":{"rendered":"<p>Mattress Features<\/p>\n<ul>\n<li>Elegance mattress from the Back Care mattress collection<\/li>\n<li>The mattress layers are carefully selected to fit the body weight and provide equal support to all areas, especially the spine.<\/li>\n<li>Medium pressure mattress suitable for medium weights (between 75 and 120 kg)<\/li>\n<li>The mattress can be used on both sides, as the top side of the mattress is medium firm and the other side is medium soft.<\/li>\n<li>The upper layer contains high-density, high-compression (HR) foam that is both flexible and comfortable. It is the first choice of luxury and elegance for comfort experts, as it provides complete support to the body during sleep.<\/li>\n<li>The lower layer contains high-pressure KG2 foam, which is precisely treated to provide the necessary protection for the spine in particular and all parts of the body in general for people with heavy weights, which leads to a permanent feeling of comfort.<\/li>\n<li>The mattress is equipped with pocket spring technology, which is a movement-insulating layer (affected by the partner's movement), providing you with support and comfort for all parts of the body.<\/li>\n<li>The outer fabric is treated to prevent bacteria and insects from accumulating and is woven from the finest threads.<\/li>\n<\/ul>\n<p style=\"direction: rtl\">Mattress warranty period<\/p>\n<p style=\"direction: rtl\">10 Years<\/p>\n<p>\u00a0 Mattress Sizes<\/p>\n<p>\u0627\u0644\u0627\u0631\u062a\u0641\u0627\u0639 34\u0633\u0645<\/p>\n<p>Ready-made sizes<\/p>\n<p>200\u00d7200 cm-200\u00d7180 cm -200\u00d7140 cm-200\u00d7120 cm<\/p>\n<p>You can request a custom size by clicking on the other size icon.<\/p>\n<p>Care Instructions<\/p>\n<ul>\n<li>It is recommended to use a mattress insulator to protect it from stains and wetness.<\/li>\n<li>Do not bend the mattress to avoid breaking the internal parts.<\/li>\n<\/ul>\n<p>High quality Saudi made<\/p>","protected":false},"excerpt":{"rendered":"<p><span style=\"color: #ff0000;\">Prices include VAT.<\/span><\/p>","protected":false},"featured_media":134249,"comment_status":"open","ping_status":"closed","template":"","meta":{"om_disable_all_campaigns":false,"_monsterinsights_skip_tracking":false,"_monsterinsights_sitenote_active":false,"_monsterinsights_sitenote_note":"","_monsterinsights_sitenote_category":0},"etheme_brands":[],"product_brand":[],"product_cat":[69,86],"product_tag":[90],"class_list":{"0":"post-62801","1":"product","2":"type-product","3":"status-publish","4":"has-post-thumbnail","6":"product_cat-bc-mattresses","7":"product_cat-n-mattresses","8":"product_tag-90","10":"first","11":"instock","12":"taxable","13":"shipping-taxable","14":"purchasable","15":"product-type-variable"},"aioseo_notices":[],"_links":{"self":[{"href":"https:\/\/backcare.com.sa\/en\/wp-json\/wp\/v2\/product\/62801","targetHints":{"allow":["GET"]}}],"collection":[{"href":"https:\/\/backcare.com.sa\/en\/wp-json\/wp\/v2\/product"}],"about":[{"href":"https:\/\/backcare.com.sa\/en\/wp-json\/wp\/v2\/types\/product"}],"replies":[{"embeddable":true,"href":"https:\/\/backcare.com.sa\/en\/wp-json\/wp\/v2\/comments?post=62801"}],"version-history":[{"count":2,"href":"https:\/\/backcare.com.sa\/en\/wp-json\/wp\/v2\/product\/62801\/revisions"}],"predecessor-version":[{"id":148421,"href":"https:\/\/backcare.com.sa\/en\/wp-json\/wp\/v2\/product\/62801\/revisions\/148421"}],"wp:featuredmedia":[{"embeddable":true,"href":"https:\/\/backcare.com.sa\/en\/wp-json\/wp\/v2\/media\/134249"}],"wp:attachment":[{"href":"https:\/\/backcare.com.sa\/en\/wp-json\/wp\/v2\/media?parent=62801"}],"wp:term":[{"taxonomy":"brand","embeddable":true,"href":"https:\/\/backcare.com.sa\/en\/wp-json\/wp\/v2\/etheme_brands?post=62801"},{"taxonomy":"product_brand","embeddable":true,"href":"https:\/\/backcare.com.sa\/en\/wp-json\/wp\/v2\/product_brand?post=62801"},{"taxonomy":"product_cat","embeddable":true,"href":"https:\/\/backcare.com.sa\/en\/wp-json\/wp\/v2\/product_cat?post=62801"},{"taxonomy":"product_tag","embeddable":true,"href":"https:\/\/backcare.com.sa\/en\/wp-json\/wp\/v2\/product_tag?post=62801"}],"curies":[{"name":"wp","href":"https:\/\/api.w.org\/{rel}","templated":true}]}}