{"id":62799,"date":"2023-10-09T00:35:00","date_gmt":"2023-10-08T21:35:00","guid":{"rendered":"https:\/\/backcare.com.sa\/?post_type=product&#038;p=62799"},"modified":"2026-04-07T11:08:42","modified_gmt":"2026-04-07T08:08:42","slug":"lamar","status":"publish","type":"product","link":"https:\/\/backcare.com.sa\/en\/product\/lamar\/","title":{"rendered":"Lamar Mattress (10 years warranty)"},"content":{"rendered":"<p>Mattress Features<\/p>\n<ul>\n<li>Lamar mattress<\/li>\n<li>Lamar mattress from the Back Care mattress collection<\/li>\n<li>The mattress layers are carefully selected to fit the body weight and provide equal support to all areas, especially the spine.<\/li>\n<li>Medium pressure mattress suitable for medium weights (between 75 and 120 kg)<\/li>\n<li>The mattress features with a polymer layer (Frind of the environment), and Back Care is the first company in the Kingdom and the Middle East to introduce polymer technology into its mattresses.<\/li>\n<li>Polymer helps to give the mattress a longer life and it is the modern and future-proof alternative to foam.<\/li>\n<li>It allows air to pass through it, thus preventing the formation of bacteria. It is also characterised by its rapid rebound.<\/li>\n<li>The polymer supports the spine while sleeping.<\/li>\n<li>The outer fabric is treated to prevent the accumulation of bacteria and insects and is woven from the finest threads.<\/li>\n<\/ul>\n<p style=\"direction: rtl\">Mattress warranty period<\/p>\n<p style=\"direction: rtl\">10 Years<\/p>\n<p>\u00a0 \u0645\u0642\u0627\u0633\u0627\u062a \u0627\u0644\u0645\u0631\u062a\u0628\u0629 \u0627\u0644\u0627\u0631\u062a\u0641\u0627\u0639 34\u0633\u0645<\/p>\n<p>Ready-made sizes 200<\/p>\n<p>\u00d7200cm and 200\u00d7180cm 200\u00d7140cm and 200\u00d7120cm<\/p>\n<p>You can request a custom size by clicking on the other size icon. \u00a0<\/p>\n<p>Care Instructions<\/p>\n<ul>\n<li>The mattress has one side and the direction should be changed every 3 months.<\/li>\n<li>It is recommended to use a mattress insulator to protect it from stains and wetness.<\/li>\n<li>Do not bend the mattress to avoid breaking the internal parts.<\/li>\n<\/ul>\n<p>High quality Saudi made<\/p>","protected":false},"excerpt":{"rendered":"<p><span style=\"color: #ff0000;\">Prices include VAT.<\/span><\/p>","protected":false},"featured_media":134229,"comment_status":"open","ping_status":"closed","template":"","meta":{"om_disable_all_campaigns":false,"_monsterinsights_skip_tracking":false,"_monsterinsights_sitenote_active":false,"_monsterinsights_sitenote_note":"","_monsterinsights_sitenote_category":0},"etheme_brands":[],"product_brand":[],"product_cat":[69,86],"product_tag":[90],"class_list":{"0":"post-62799","1":"product","2":"type-product","3":"status-publish","4":"has-post-thumbnail","6":"product_cat-bc-mattresses","7":"product_cat-n-mattresses","8":"product_tag-90","10":"first","11":"instock","12":"taxable","13":"shipping-taxable","14":"purchasable","15":"product-type-variable"},"aioseo_notices":[],"_links":{"self":[{"href":"https:\/\/backcare.com.sa\/en\/wp-json\/wp\/v2\/product\/62799","targetHints":{"allow":["GET"]}}],"collection":[{"href":"https:\/\/backcare.com.sa\/en\/wp-json\/wp\/v2\/product"}],"about":[{"href":"https:\/\/backcare.com.sa\/en\/wp-json\/wp\/v2\/types\/product"}],"replies":[{"embeddable":true,"href":"https:\/\/backcare.com.sa\/en\/wp-json\/wp\/v2\/comments?post=62799"}],"version-history":[{"count":1,"href":"https:\/\/backcare.com.sa\/en\/wp-json\/wp\/v2\/product\/62799\/revisions"}],"predecessor-version":[{"id":148423,"href":"https:\/\/backcare.com.sa\/en\/wp-json\/wp\/v2\/product\/62799\/revisions\/148423"}],"wp:featuredmedia":[{"embeddable":true,"href":"https:\/\/backcare.com.sa\/en\/wp-json\/wp\/v2\/media\/134229"}],"wp:attachment":[{"href":"https:\/\/backcare.com.sa\/en\/wp-json\/wp\/v2\/media?parent=62799"}],"wp:term":[{"taxonomy":"brand","embeddable":true,"href":"https:\/\/backcare.com.sa\/en\/wp-json\/wp\/v2\/etheme_brands?post=62799"},{"taxonomy":"product_brand","embeddable":true,"href":"https:\/\/backcare.com.sa\/en\/wp-json\/wp\/v2\/product_brand?post=62799"},{"taxonomy":"product_cat","embeddable":true,"href":"https:\/\/backcare.com.sa\/en\/wp-json\/wp\/v2\/product_cat?post=62799"},{"taxonomy":"product_tag","embeddable":true,"href":"https:\/\/backcare.com.sa\/en\/wp-json\/wp\/v2\/product_tag?post=62799"}],"curies":[{"name":"wp","href":"https:\/\/api.w.org\/{rel}","templated":true}]}}