{"id":62797,"date":"2023-05-22T14:35:48","date_gmt":"2023-05-22T11:35:48","guid":{"rendered":"https:\/\/backcare.com.sa\/?post_type=product&#038;p=62797"},"modified":"2026-04-07T11:09:50","modified_gmt":"2026-04-07T08:09:50","slug":"victoria","status":"publish","type":"product","link":"https:\/\/backcare.com.sa\/en\/product\/victoria\/","title":{"rendered":"Victoria Mattress (10 years warranty)"},"content":{"rendered":"<p>Mattress Features<\/p>\n<ul>\n<li>Victoria mattress from the Back Care mattress collection<\/li>\n<li>The mattress layers are carefully selected to fit the body weight and provide equal support to all areas, especially the spine.<\/li>\n<li>Medium pressure mattress suitable for medium weights (between 75 and 120 kg)<\/li>\n<li>The mattress is equipped with pocket spring technology, which is a movement-insulating layer (affected by the partner's movement), providing you with support and comfort for all parts of the body.<\/li>\n<li>It contains layers of medium-density foam, treated in a safe and thoughtful manner to maintain the health of the back and neck vertebrae, thus providing comfort and continuous sleep without worry.<\/li>\n<li>One of the most important features of the mattress is that it contains camouflaged foam, which works to prevent sounds resulting from movement.<\/li>\n<li>The added side supports to the mattress give it stability and solidity and make it more durable and cohesive.<\/li>\n<li>Side ventilation holes help prevent bacteria from forming inside the mattress.<\/li>\n<li>The outer fabric is treated to prevent the accumulation of bacteria and insects and is woven from the finest threads.<\/li>\n<\/ul>\n<p style=\"direction: rtl\">Mattress warranty period<\/p>\n<p style=\"direction: rtl\">10 Years<\/p>\n<p>\u00a0 \u0645\u0642\u0627\u0633\u0627\u062a \u0627\u0644\u0645\u0631\u062a\u0628\u0629 \u0627\u0644\u0627\u0631\u062a\u0641\u0627\u0639 35\u0633\u0645<\/p>\n<p>Ready-made sizes<\/p>\n<p>200\u00d7200 cm-200\u00d7180 cm -200\u00d7140 cm-200\u00d7120 cm<\/p>\n<p>\u064a\u0645\u0643\u0646\u0643 \u0637\u0644\u0628 \u0645\u0642\u0627\u0633 \u062a\u0641\u0635\u064a\u0644 \u062d\u0633\u0628 \u0627\u0644\u0631\u063a\u0628\u0629 \u0628\u0627\u0644\u0636\u063a\u0637 \u0639\u0644\u0649 \u062a\u0628\u0648\u064a\u0628 \u0645\u0642\u0627\u0633 \u0623\u062e\u0631 \u00a0<\/p>\n<p>Care Instructions<\/p>\n<ul>\n<li>The mattress has one side and the direction should be changed every 3 months.<\/li>\n<li>It is recommended to use a mattress insulator to protect it from stains and wetness.<\/li>\n<li>Do not bend the mattress to avoid breaking the internal parts.<\/li>\n<\/ul>\n<p>High quality Saudi made<\/p>","protected":false},"excerpt":{"rendered":"<p><span style=\"color: #ff0000;\">Prices include VAT.<\/span><\/p>","protected":false},"featured_media":134243,"comment_status":"open","ping_status":"closed","template":"","meta":{"om_disable_all_campaigns":false,"_monsterinsights_skip_tracking":false,"_monsterinsights_sitenote_active":false,"_monsterinsights_sitenote_note":"","_monsterinsights_sitenote_category":0},"etheme_brands":[],"product_brand":[],"product_cat":[69,86],"product_tag":[90],"class_list":{"0":"post-62797","1":"product","2":"type-product","3":"status-publish","4":"has-post-thumbnail","6":"product_cat-bc-mattresses","7":"product_cat-n-mattresses","8":"product_tag-90","10":"first","11":"instock","12":"taxable","13":"shipping-taxable","14":"purchasable","15":"product-type-variable"},"aioseo_notices":[],"_links":{"self":[{"href":"https:\/\/backcare.com.sa\/en\/wp-json\/wp\/v2\/product\/62797","targetHints":{"allow":["GET"]}}],"collection":[{"href":"https:\/\/backcare.com.sa\/en\/wp-json\/wp\/v2\/product"}],"about":[{"href":"https:\/\/backcare.com.sa\/en\/wp-json\/wp\/v2\/types\/product"}],"replies":[{"embeddable":true,"href":"https:\/\/backcare.com.sa\/en\/wp-json\/wp\/v2\/comments?post=62797"}],"version-history":[{"count":1,"href":"https:\/\/backcare.com.sa\/en\/wp-json\/wp\/v2\/product\/62797\/revisions"}],"predecessor-version":[{"id":148425,"href":"https:\/\/backcare.com.sa\/en\/wp-json\/wp\/v2\/product\/62797\/revisions\/148425"}],"wp:featuredmedia":[{"embeddable":true,"href":"https:\/\/backcare.com.sa\/en\/wp-json\/wp\/v2\/media\/134243"}],"wp:attachment":[{"href":"https:\/\/backcare.com.sa\/en\/wp-json\/wp\/v2\/media?parent=62797"}],"wp:term":[{"taxonomy":"brand","embeddable":true,"href":"https:\/\/backcare.com.sa\/en\/wp-json\/wp\/v2\/etheme_brands?post=62797"},{"taxonomy":"product_brand","embeddable":true,"href":"https:\/\/backcare.com.sa\/en\/wp-json\/wp\/v2\/product_brand?post=62797"},{"taxonomy":"product_cat","embeddable":true,"href":"https:\/\/backcare.com.sa\/en\/wp-json\/wp\/v2\/product_cat?post=62797"},{"taxonomy":"product_tag","embeddable":true,"href":"https:\/\/backcare.com.sa\/en\/wp-json\/wp\/v2\/product_tag?post=62797"}],"curies":[{"name":"wp","href":"https:\/\/api.w.org\/{rel}","templated":true}]}}