{"id":62791,"date":"2023-04-07T14:35:00","date_gmt":"2023-05-22T11:35:47","guid":{"rendered":"https:\/\/backcare.com.sa\/?post_type=product&#038;p=62791"},"modified":"2026-04-07T11:12:08","modified_gmt":"2026-04-07T08:12:08","slug":"cady","status":"publish","type":"product","link":"https:\/\/backcare.com.sa\/en\/product\/cady\/","title":{"rendered":"Cady Mattress (3 years warranty)"},"content":{"rendered":"<p>Mattress Features<\/p>\n<ul>\n<li>Low pressure mattress suitable for light weights (less than 75 kg) with high quality hotel specifications<\/li>\n<li>The mattress layers are carefully selected to fit the body weight and provide equal support to all areas, especially the spine.<\/li>\n<li>The mattress contains a layer of Bonnell spring, which gives it a high degree of support and adapts to the body shape.<\/li>\n<li>The mattress contains layers of soft-density foam to provide support and comfort for the spine.<\/li>\n<li>The mattress contains layers of soft foam, which gives you double support for your spine.<\/li>\n<li>Ventilation holes to prevent bacteria from forming inside the mattress<\/li>\n<li>You can use the mattress on both sides.<\/li>\n<li>Comfortable outer fabric prevents bacteria and body sweating.<\/li>\n<\/ul>\n<p style=\"direction: rtl\">Mattress warranty period<\/p>\n<p style=\"direction: rtl\">3 Years<\/p>\n<p>\u00a0 \u0645\u0642\u0627\u0633\u0627\u062a \u0627\u0644\u0645\u0631\u062a\u0628\u0629 \u0627\u0644\u0627\u0631\u062a\u0641\u0627\u0639 22\u0633\u0645<\/p>\n<p>Ready-made sizes 200<\/p>\n<p>\u00d7200cm and 200\u00d7180cm 200\u00d7140cm and 200\u00d7120cm<\/p>\n<p>You can request a custom size by clicking on the other size icon. \u00a0<\/p>\n<p>Care Instructions<\/p>\n<ul>\n<li>The direction should be changed every 3 months.<\/li>\n<li>It is recommended to use a mattress insulator to protect it from stains and wetness.<\/li>\n<li>Do not bend the mattress to avoid breaking the internal parts.<\/li>\n<\/ul>\n<p>High quality Saudi made<\/p>","protected":false},"excerpt":{"rendered":"<p><span style=\"color: #ff0000;\">Prices include VAT.<\/span><\/p>","protected":false},"featured_media":148884,"comment_status":"open","ping_status":"closed","template":"","meta":{"om_disable_all_campaigns":false,"_monsterinsights_skip_tracking":false,"_monsterinsights_sitenote_active":false,"_monsterinsights_sitenote_note":"","_monsterinsights_sitenote_category":0},"etheme_brands":[],"product_brand":[],"product_cat":[69,86],"product_tag":[],"class_list":{"0":"post-62791","1":"product","2":"type-product","3":"status-publish","4":"has-post-thumbnail","6":"product_cat-bc-mattresses","7":"product_cat-n-mattresses","9":"first","10":"instock","11":"taxable","12":"shipping-taxable","13":"purchasable","14":"product-type-variable"},"aioseo_notices":[],"_links":{"self":[{"href":"https:\/\/backcare.com.sa\/en\/wp-json\/wp\/v2\/product\/62791","targetHints":{"allow":["GET"]}}],"collection":[{"href":"https:\/\/backcare.com.sa\/en\/wp-json\/wp\/v2\/product"}],"about":[{"href":"https:\/\/backcare.com.sa\/en\/wp-json\/wp\/v2\/types\/product"}],"replies":[{"embeddable":true,"href":"https:\/\/backcare.com.sa\/en\/wp-json\/wp\/v2\/comments?post=62791"}],"version-history":[{"count":1,"href":"https:\/\/backcare.com.sa\/en\/wp-json\/wp\/v2\/product\/62791\/revisions"}],"predecessor-version":[{"id":148428,"href":"https:\/\/backcare.com.sa\/en\/wp-json\/wp\/v2\/product\/62791\/revisions\/148428"}],"wp:featuredmedia":[{"embeddable":true,"href":"https:\/\/backcare.com.sa\/en\/wp-json\/wp\/v2\/media\/148884"}],"wp:attachment":[{"href":"https:\/\/backcare.com.sa\/en\/wp-json\/wp\/v2\/media?parent=62791"}],"wp:term":[{"taxonomy":"brand","embeddable":true,"href":"https:\/\/backcare.com.sa\/en\/wp-json\/wp\/v2\/etheme_brands?post=62791"},{"taxonomy":"product_brand","embeddable":true,"href":"https:\/\/backcare.com.sa\/en\/wp-json\/wp\/v2\/product_brand?post=62791"},{"taxonomy":"product_cat","embeddable":true,"href":"https:\/\/backcare.com.sa\/en\/wp-json\/wp\/v2\/product_cat?post=62791"},{"taxonomy":"product_tag","embeddable":true,"href":"https:\/\/backcare.com.sa\/en\/wp-json\/wp\/v2\/product_tag?post=62791"}],"curies":[{"name":"wp","href":"https:\/\/api.w.org\/{rel}","templated":true}]}}