{"id":148113,"date":"2026-02-25T00:17:18","date_gmt":"2026-02-24T21:17:18","guid":{"rendered":"https:\/\/backcare.com.sa\/?post_type=product&#038;p=148113"},"modified":"2026-04-07T10:33:56","modified_gmt":"2026-04-07T07:33:56","slug":"original_mattress","status":"publish","type":"product","link":"https:\/\/backcare.com.sa\/en\/product\/original_mattress\/","title":{"rendered":"(\u0645\u0631\u062a\u0628\u0629 \u0623\u0648\u0631\u062c\u064a\u0646\u0627\u0644 (\u0636\u0645\u0627\u0646 10 \u0633\u0646\u0648\u0627\u062a"},"content":{"rendered":"<p>Mattress Features<\/p>\n<ul>\n<li>\u0645\u0631\u062a\u0628\u0629 \u0623\u0648\u0631\u062c\u064a\u0646\u0627\u0644 \u0645\u0646 \u0645\u062c\u0645\u0648\u0639\u0629 \u0645\u0631\u0627\u062a\u0628 \u0628\u0627\u0643 \u0643\u064a\u0631<\/li>\n<li>The mattress layers are carefully selected to fit the body weight and provide equal support to all areas, especially the spine.<\/li>\n<li>Medium pressure mattress suitable for medium weights (between 75 and 120 kg)<\/li>\n<li>The mattress is equipped with pocket spring technology, which is a movement-insulating layer (affected by the partner's movement), providing you with support and comfort for all parts of the body.<\/li>\n<li>\u0627\u0644\u0645\u0631\u062a\u0628\u0629 \u062a\u062d\u062a\u0648\u064a \u0639\u0644\u0649 \u0623\u0643\u062b\u0631 \u0645\u0646 \u0637\u0628\u0642\u0629 \u0645\u0646 \u0627\u0644\u062c\u0644 \u0645\u064a\u0645\u0648\u0631\u064a \u0644\u0645\u0632\u064a\u062c \u0645\u0646 \u0627\u0644\u0625\u062d\u0633\u0627\u0633 \u0628\u0631\u0627\u062d\u0629 \u0627\u0644\u0645\u064a\u0645\u0648\u0631\u064a \u0641\u0648\u0645 \u0648\u0628\u0631\u0648\u062f\u0629 \u0627\u0644\u062c\u0644<\/li>\n<li>\u0627\u0644\u0645\u0631\u062a\u0628\u0629 \u0645\u0632\u0648\u062f\u0629 \u0628\u0641\u062a\u062d\u0627\u062a \u062a\u0647\u0648\u064a\u0629 \u062a\u0639\u0645\u0644 \u0639\u0644\u0649 \u062a\u0647\u0648\u064a\u0629 \u0627\u0644\u0645\u0631\u062a\u0628\u0629 \u0628\u0637\u0631\u064a\u0642\u0629 \u0637\u0628\u064a\u0639\u064a\u0629<\/li>\n<li>The outer fabric is treated to prevent bacteria and insects from accumulating and is woven from the finest threads.<\/li>\n<\/ul>\n<p style=\"direction: rtl;\">Mattress warranty period<\/p>\n<p style=\"direction: rtl;\">10 Years<\/p>\n<p>\u00a0 Mattress Sizes<\/p>\n<p>Height 36cm<\/p>\n<p>Ready-made sizes<\/p>\n<p>200\u00d7200 cm-200\u00d7180 cm -200\u00d7140 cm-200\u00d7120 cm<\/p>\n<p>You can request a custom size by clicking on the other size icon.<\/p>\n<p>Care Instructions<\/p>\n<ul>\n<li>It is recommended to use a mattress insulator to protect it from stains and wetness.<\/li>\n<li>Do not bend the mattress to avoid breaking the internal parts.<\/li>\n<\/ul>\n<p>High quality Saudi made<\/p>","protected":false},"excerpt":{"rendered":"<p><span style=\"color: #ff0000;\">Prices include VAT.<\/span><\/p>","protected":false},"featured_media":148381,"comment_status":"open","ping_status":"closed","template":"","meta":{"om_disable_all_campaigns":false,"_monsterinsights_skip_tracking":false,"_monsterinsights_sitenote_active":false,"_monsterinsights_sitenote_note":"","_monsterinsights_sitenote_category":0},"etheme_brands":[],"product_brand":[],"product_cat":[69,86],"product_tag":[90],"class_list":{"0":"post-148113","1":"product","2":"type-product","3":"status-publish","4":"has-post-thumbnail","6":"product_cat-bc-mattresses","7":"product_cat-n-mattresses","8":"product_tag-90","10":"first","11":"instock","12":"taxable","13":"shipping-taxable","14":"purchasable","15":"product-type-variable"},"aioseo_notices":[],"_links":{"self":[{"href":"https:\/\/backcare.com.sa\/en\/wp-json\/wp\/v2\/product\/148113","targetHints":{"allow":["GET"]}}],"collection":[{"href":"https:\/\/backcare.com.sa\/en\/wp-json\/wp\/v2\/product"}],"about":[{"href":"https:\/\/backcare.com.sa\/en\/wp-json\/wp\/v2\/types\/product"}],"replies":[{"embeddable":true,"href":"https:\/\/backcare.com.sa\/en\/wp-json\/wp\/v2\/comments?post=148113"}],"version-history":[{"count":1,"href":"https:\/\/backcare.com.sa\/en\/wp-json\/wp\/v2\/product\/148113\/revisions"}],"predecessor-version":[{"id":148119,"href":"https:\/\/backcare.com.sa\/en\/wp-json\/wp\/v2\/product\/148113\/revisions\/148119"}],"wp:featuredmedia":[{"embeddable":true,"href":"https:\/\/backcare.com.sa\/en\/wp-json\/wp\/v2\/media\/148381"}],"wp:attachment":[{"href":"https:\/\/backcare.com.sa\/en\/wp-json\/wp\/v2\/media?parent=148113"}],"wp:term":[{"taxonomy":"brand","embeddable":true,"href":"https:\/\/backcare.com.sa\/en\/wp-json\/wp\/v2\/etheme_brands?post=148113"},{"taxonomy":"product_brand","embeddable":true,"href":"https:\/\/backcare.com.sa\/en\/wp-json\/wp\/v2\/product_brand?post=148113"},{"taxonomy":"product_cat","embeddable":true,"href":"https:\/\/backcare.com.sa\/en\/wp-json\/wp\/v2\/product_cat?post=148113"},{"taxonomy":"product_tag","embeddable":true,"href":"https:\/\/backcare.com.sa\/en\/wp-json\/wp\/v2\/product_tag?post=148113"}],"curies":[{"name":"wp","href":"https:\/\/api.w.org\/{rel}","templated":true}]}}