{"id":148106,"date":"2026-02-25T11:07:06","date_gmt":"2026-02-25T08:07:06","guid":{"rendered":"https:\/\/backcare.com.sa\/?post_type=product&#038;p=148106"},"modified":"2026-04-07T10:31:12","modified_gmt":"2026-04-07T07:31:12","slug":"rest_mattress","status":"publish","type":"product","link":"https:\/\/backcare.com.sa\/en\/product\/rest_mattress\/","title":{"rendered":"(\u0645\u0631\u062a\u0628\u0629 \u0631\u0633\u062a  (\u0636\u0645\u0627\u0646 5 \u0633\u0646\u0648\u0627\u062a"},"content":{"rendered":"<p>Mattress Features<\/p>\n<ul>\n<li>\u0645\u0631\u062a\u0628\u0629 \u0631\u064a\u0633\u062a \u0645\u0646 \u0645\u062c\u0645\u0648\u0639\u0629 \u0645\u0631\u0627\u062a\u0628 \u0628\u0627\u0643 \u0643\u064a\u0631<\/li>\n<li>The mattress layers are carefully selected to fit the body weight and provide equal support to all areas, especially the spine.<\/li>\n<li>Medium pressure mattress suitable for medium weights (between 75 and 120 kg)<\/li>\n<li>\u064a\u0645\u0643\u0646 \u0627\u0633\u062a\u062e\u062f\u0627\u0645 \u0627\u0644\u0645\u0631\u062a\u0628\u0629 \u0639\u0644\u0649 \u0643\u0644\u0627 \u0627\u0644\u0648\u062c\u0647\u064a\u0646<\/li>\n<li>The mattress is equipped with pocket spring technology, which is a movement-insulating layer (affected by the partner's movement), providing you with support and comfort for all parts of the body.<\/li>\n<li>The outer fabric is treated to prevent bacteria and insects from accumulating and is woven from the finest threads.<\/li>\n<\/ul>\n<p style=\"direction: rtl\">Mattress warranty period<\/p>\n<p style=\"direction: rtl\">5\u0633\u0646\u0648\u0627\u062a<\/p>\n<p>\u00a0 Mattress Sizes<\/p>\n<p>\u0627\u0644\u0627\u0631\u062a\u0641\u0627\u0639 24 \u0633\u0645<\/p>\n<p>Ready-made sizes<\/p>\n<p>200\u00d7200 cm-200\u00d7180 cm -200\u00d7140 cm-200\u00d7120 cm<\/p>\n<p>You can request a custom size by clicking on the other size icon.<\/p>\n<p>Care Instructions<\/p>\n<ul>\n<li>It is recommended to use a mattress insulator to protect it from stains and wetness.<\/li>\n<li>Do not bend the mattress to avoid breaking the internal parts.<\/li>\n<\/ul>\n<p>High quality Saudi made<\/p>","protected":false},"excerpt":{"rendered":"<p><span style=\"color: #ff0000;\">Prices include VAT.<\/span><\/p>","protected":false},"featured_media":148134,"comment_status":"open","ping_status":"closed","template":"","meta":{"om_disable_all_campaigns":false,"_monsterinsights_skip_tracking":false,"_monsterinsights_sitenote_active":false,"_monsterinsights_sitenote_note":"","_monsterinsights_sitenote_category":0},"etheme_brands":[],"product_brand":[],"product_cat":[69,86],"product_tag":[90],"class_list":{"0":"post-148106","1":"product","2":"type-product","3":"status-publish","4":"has-post-thumbnail","6":"product_cat-bc-mattresses","7":"product_cat-n-mattresses","8":"product_tag-90","10":"first","11":"instock","12":"taxable","13":"shipping-taxable","14":"purchasable","15":"product-type-variable"},"aioseo_notices":[],"_links":{"self":[{"href":"https:\/\/backcare.com.sa\/en\/wp-json\/wp\/v2\/product\/148106","targetHints":{"allow":["GET"]}}],"collection":[{"href":"https:\/\/backcare.com.sa\/en\/wp-json\/wp\/v2\/product"}],"about":[{"href":"https:\/\/backcare.com.sa\/en\/wp-json\/wp\/v2\/types\/product"}],"replies":[{"embeddable":true,"href":"https:\/\/backcare.com.sa\/en\/wp-json\/wp\/v2\/comments?post=148106"}],"version-history":[{"count":5,"href":"https:\/\/backcare.com.sa\/en\/wp-json\/wp\/v2\/product\/148106\/revisions"}],"predecessor-version":[{"id":148410,"href":"https:\/\/backcare.com.sa\/en\/wp-json\/wp\/v2\/product\/148106\/revisions\/148410"}],"wp:featuredmedia":[{"embeddable":true,"href":"https:\/\/backcare.com.sa\/en\/wp-json\/wp\/v2\/media\/148134"}],"wp:attachment":[{"href":"https:\/\/backcare.com.sa\/en\/wp-json\/wp\/v2\/media?parent=148106"}],"wp:term":[{"taxonomy":"brand","embeddable":true,"href":"https:\/\/backcare.com.sa\/en\/wp-json\/wp\/v2\/etheme_brands?post=148106"},{"taxonomy":"product_brand","embeddable":true,"href":"https:\/\/backcare.com.sa\/en\/wp-json\/wp\/v2\/product_brand?post=148106"},{"taxonomy":"product_cat","embeddable":true,"href":"https:\/\/backcare.com.sa\/en\/wp-json\/wp\/v2\/product_cat?post=148106"},{"taxonomy":"product_tag","embeddable":true,"href":"https:\/\/backcare.com.sa\/en\/wp-json\/wp\/v2\/product_tag?post=148106"}],"curies":[{"name":"wp","href":"https:\/\/api.w.org\/{rel}","templated":true}]}}